{"id":114,"date":"2023-05-09T14:12:37","date_gmt":"2023-05-09T12:12:37","guid":{"rendered":"http:\/\/dropoutprevention.inf.elte.hu\/?page_id=114"},"modified":"2025-03-17T09:22:40","modified_gmt":"2025-03-17T08:22:40","slug":"about-us","status":"publish","type":"page","link":"http:\/\/dropoutprevention.inf.elte.hu\/index.php\/en\/about-us\/","title":{"rendered":"About us"},"content":{"rendered":"\n<p class=\"has-medium-font-size\">The aim of the <strong>Student Support Centre (DTK)<\/strong> is to support ELTE IK students in successfully completing their studies. Its members are psychologists and PhD students.<\/p>\n\n\n\n<p class=\"has-medium-font-size\"><strong>Who are the members of DTK?<\/strong><\/p>\n\n\n\n<p>Rita Tak\u00e1cs, PhD, counselling psychologist, head of DTK<br>Albert Mih\u00e1ly, counselling psychologist<br>Anett P\u00e1sztor-Nagy, counselling psychologist<br>Anna Gogibedasvili, psychologist (Szombathely Campus)<br>Benedek Gyimesi, psychologist, PhD student<br>Gabriella Nagy, psychologist<br>Lili Berzsenyi, psychologist<br>P\u00e1l Kolumb\u00e1n, psychologist, PhD student<br>Tam\u00e1s Cseterki, psychologist<br>Vikt\u00f3ria Nagy, work and organisational psychologist, PhD student<\/p>\n\n\n\n<div style=\"height:50px\" aria-hidden=\"true\" class=\"wp-block-spacer\"><\/div>\n\n\n\n<p class=\"has-medium-font-size\"><strong>Our activities<\/strong><\/p>\n\n\n\n<p>Most students can meet our organisation for the first time as freshmen during the first weeks of the University in our Learning Methodology course, they can meet us in individual student counselling sessions or in one of our programmes, optional courses.<\/p>\n\n\n\n<p><a href=\"https:\/\/dtk.elte.hu\/student-counselling-2\/\">Individual psychological counselling<\/a> is a service that is available free of charge to all students of the Faculty of Informatics. Here we work with students on an individual basis. During individual counselling, they can gain new perspectives to help them be more successful in their studies, more productive in their studies and more satisfied in their university life. Together, we will explore what they can improve most, whether it is in the areas of life management (time management, procrastination), personal life (family or relationship) or learning.<\/p>\n\n\n\n<p>We also try to support the development of the student community and professional life. We support the activities of Hungarian and foreign seniors, organise workshops, trainings, other activities and optional courses on psychological topics related to student life. In addition, we organise the Project Forum in November each year, where students can find out about the researches running at the university and the Master&#8217;s Specialisation Forum about the MSc courses available at the faculty. You can find out more about these on our <a href=\"https:\/\/dtk.elte.hu\/programs\/\">website<\/a> and <a href=\"https:\/\/www.facebook.com\/diaktanacsado\">Facebook page<\/a>.<\/p>\n\n\n<div class=\"wp-block-image\">\n<figure class=\"aligncenter size-full is-resized\"><img loading=\"lazy\" decoding=\"async\" width=\"500\" height=\"500\" src=\"http:\/\/dropoutprevention.inf.elte.hu\/wp-content\/uploads\/2023\/11\/2_program.png\" alt=\"\" class=\"wp-image-200\" style=\"width:212px;height:auto\" srcset=\"http:\/\/dropoutprevention.inf.elte.hu\/wp-content\/uploads\/2023\/11\/2_program.png 500w, http:\/\/dropoutprevention.inf.elte.hu\/wp-content\/uploads\/2023\/11\/2_program-300x300.png 300w, http:\/\/dropoutprevention.inf.elte.hu\/wp-content\/uploads\/2023\/11\/2_program-150x150.png 150w, http:\/\/dropoutprevention.inf.elte.hu\/wp-content\/uploads\/2023\/11\/2_program-24x24.png 24w, http:\/\/dropoutprevention.inf.elte.hu\/wp-content\/uploads\/2023\/11\/2_program-36x36.png 36w, http:\/\/dropoutprevention.inf.elte.hu\/wp-content\/uploads\/2023\/11\/2_program-48x48.png 48w\" sizes=\"auto, (max-width: 500px) 100vw, 500px\" \/><\/figure>\n<\/div>\n\n\n<div style=\"height:50px\" aria-hidden=\"true\" class=\"wp-block-spacer\"><\/div>\n\n\n\n<p class=\"has-medium-font-size\"><strong>Find out more about our activities and programmes!<\/strong><\/p>\n\n\n\n<ul class=\"wp-block-list\">\n<li><a href=\"https:\/\/dtk.elte.hu\/project-forum-2023\/\" target=\"_blank\" rel=\"noreferrer noopener\">Project Forum<\/a>, every November<\/li>\n\n\n\n<li><a href=\"https:\/\/dtk.elte.hu\/masters-degree-specialization-forum-2023\/\">Master&#8217;s Degree Specialization Forum<\/a>, in October of each year<\/li>\n\n\n\n<li><a href=\"https:\/\/dtk.elte.hu\/category\/workshop-2\/\" target=\"_blank\" rel=\"noreferrer noopener\">Trainings\/workshops<\/a> on different topics, <a href=\"https:\/\/dtk.elte.hu\/category\/citytours\/\" target=\"_blank\" rel=\"noreferrer noopener\">cultural sightseeing tours, guided hikes<\/a><\/li>\n\n\n\n<li>Mentoring programme with lecturers and senior students for the following courses, organisation and holding of intervision sessions for lecturers and seniors, and recruitment of external psychological trainers to deliver the training part of the courses:\n<ul class=\"wp-block-list\">\n<li><a href=\"https:\/\/dtk.elte.hu\/preparation-course-for-academic-studies-and-developing-learning-skills\/\" target=\"_blank\" rel=\"noreferrer noopener\">Learning Methodology (compulsory course for BSc students)<\/a><\/li>\n\n\n\n<li><a href=\"https:\/\/dtk.elte.hu\/preparation-course-for-academic-studies-and-developing-learning-skills\/\" target=\"_blank\" rel=\"noreferrer noopener\">Preparation course for master studies and developing learning skills (compulsory course for MSc students)<\/a><\/li>\n<\/ul>\n<\/li>\n\n\n\n<li>Demonstrator (students assisting in teaching activities) training sessions at the beginning of the semesters, organisation and delivery of demonstrator interview sessions during the semester<\/li>\n<\/ul>\n\n\n\n<p><\/p>\n","protected":false},"excerpt":{"rendered":"<p>The aim of the Student Support Centre (DTK) is to support ELTE IK students in successfully completing their studies. Its members are psychologists and PhD students. Who are the members of DTK? Rita Tak\u00e1cs, PhD, counselling psychologist, head of DTKAlbert Mih\u00e1ly, counselling psychologistAnett P\u00e1sztor-Nagy, counselling psychologistAnna Gogibedasvili, psychologist (Szombathely Campus)Benedek Gyimesi, psychologist, PhD studentGabriella Nagy,&hellip;&nbsp;<a href=\"http:\/\/dropoutprevention.inf.elte.hu\/index.php\/en\/about-us\/\" rel=\"bookmark\">Read More &raquo;<span class=\"screen-reader-text\">About us<\/span><\/a><\/p>\n","protected":false},"author":1,"featured_media":0,"parent":0,"menu_order":0,"comment_status":"closed","ping_status":"open","template":"","meta":{"neve_meta_sidebar":"","neve_meta_container":"","neve_meta_enable_content_width":"","neve_meta_content_width":0,"neve_meta_title_alignment":"","neve_meta_author_avatar":"","neve_post_elements_order":"","neve_meta_disable_header":"","neve_meta_disable_footer":"","neve_meta_disable_title":"","footnotes":""},"class_list":["post-114","page","type-page","status-publish","hentry"],"_links":{"self":[{"href":"http:\/\/dropoutprevention.inf.elte.hu\/index.php\/wp-json\/wp\/v2\/pages\/114","targetHints":{"allow":["GET"]}}],"collection":[{"href":"http:\/\/dropoutprevention.inf.elte.hu\/index.php\/wp-json\/wp\/v2\/pages"}],"about":[{"href":"http:\/\/dropoutprevention.inf.elte.hu\/index.php\/wp-json\/wp\/v2\/types\/page"}],"author":[{"embeddable":true,"href":"http:\/\/dropoutprevention.inf.elte.hu\/index.php\/wp-json\/wp\/v2\/users\/1"}],"replies":[{"embeddable":true,"href":"http:\/\/dropoutprevention.inf.elte.hu\/index.php\/wp-json\/wp\/v2\/comments?post=114"}],"version-history":[{"count":16,"href":"http:\/\/dropoutprevention.inf.elte.hu\/index.php\/wp-json\/wp\/v2\/pages\/114\/revisions"}],"predecessor-version":[{"id":276,"href":"http:\/\/dropoutprevention.inf.elte.hu\/index.php\/wp-json\/wp\/v2\/pages\/114\/revisions\/276"}],"wp:attachment":[{"href":"http:\/\/dropoutprevention.inf.elte.hu\/index.php\/wp-json\/wp\/v2\/media?parent=114"}],"curies":[{"name":"wp","href":"https:\/\/api.w.org\/{rel}","templated":true}]}}